{"id":12,"date":"2022-12-09T16:00:30","date_gmt":"2022-12-09T16:00:30","guid":{"rendered":"https:\/\/breast-brain-n-bbb.imm.medicina.ulisboa.pt\/?page_id=12"},"modified":"2022-12-12T14:51:16","modified_gmt":"2022-12-12T14:51:16","slug":"details","status":"publish","type":"page","link":"https:\/\/breast-brain-n-bbb.imm.medicina.ulisboa.pt\/project\/details\/","title":{"rendered":"Details"},"content":{"rendered":"<!-- Preview block -->\n<img loading=\"lazy\" width=\"100%\" height=\"100%\" src=\"\"\/>\n\n<div class=\"block-banner \" data- style=\"background-image: url(https:\/\/breast-brain-n-bbb.imm.medicina.ulisboa.pt\/wp-content\/uploads\/sites\/36\/2022\/12\/MCastanho_BBB-04.png)\">\n    <div class=\"inner-container\">\n      <div class=\"text-box\">\n        <h2 class=\"title\">Project<\/h2>\n        <div class=\"text\">\n          <p>Details<\/p>\n\n        <\/div>\n      <\/div>\n    <\/div>\n<\/div>\n\n<style type=\"text\/css\">\n  [data-] {\n    background: ;\n    color: ;\n  }\n<\/style>\n\n\n\n<!-- Preview block -->\n<img loading=\"lazy\" width=\"100%\" height=\"100%\" src=\"\"\/>\n\n<div class=\"block-testimonial \" data->\n  <div class=\"left-marker\"><\/div>\n  <div class=\"text-box\">\n      <div class=\"testimonial\">\n        Protecting the brain from metastatic breast cancer\n      <\/div>\n      \n  <\/div>\n<\/div>\n\n<style type=\"text\/css\">\n  [data-] {\n    background: ;\n    color: ;\n  }\n<\/style>\n\n\n\n<p><strong>Acronym<span style=\"color:#da1c5c\" class=\"has-inline-color\">:<\/span><\/strong> BREAST-BRAIN-N-BBB<\/p>\n\n\n\n<p><strong>Funding Agency<span style=\"color:#da1c5c\" class=\"has-inline-color\">:<\/span> <\/strong>\u201cla Caixa\u201d Foundation and Funda\u00e7\u00e3o para a Ci\u00eancia e a Tecnologia (FCT)<\/p>\n\n\n\n<p><strong>Funding Programme<span style=\"color:#da1c5c\" class=\"has-inline-color\">:<\/span> <\/strong>Health Research 2021<\/p>\n\n\n\n<p><strong>Grant Agreement ID<span style=\"color:#da1c5c\" class=\"has-inline-color\">:<\/span> <\/strong>HR21-00605<\/p>\n\n\n\n<p><strong>Start Date<span style=\"color:#da1c5c\" class=\"has-inline-color\">:<\/span> <\/strong>December, 2021<\/p>\n\n\n\n<p><strong>Duration<span style=\"color:#da1c5c\" class=\"has-inline-color\">:<\/span> <\/strong>36 months<\/p>\n\n\n\n<p><strong>Project Coordinator<span style=\"color:#da1c5c\" class=\"has-inline-color\">:<\/span><\/strong> Miguel Castanho<\/p>\n\n\n\n<p><strong>Project Beneficiaries<strong><span style=\"color:#da1c5c\" class=\"has-inline-color\">:<\/span><\/strong><\/strong><\/p>\n\n\n\n<ul><li>Instituto de Medicina Molecular Jo\u00e3o Lobo Antunes (iMM), Portugal<\/li><li>Biodonostia Health Research Institute, Spain<\/li><li>Institute for Medicines (iMed), Faculdade de Farm\u00e1cia da Universidade de Lisboa, Portugal<\/li><li>CICbiomaGUNE, Basque Research and Technology Alliance (BRTA), Spain<\/li><\/ul>\n\n\n\n<p class=\"has-white-color has-text-color\">.<\/p>\n\n\n\n<div class=\"wp-block-image\"><figure class=\"aligncenter size-large is-resized\"><img loading=\"lazy\" src=\"https:\/\/breast-brain-n-bbb.imm.medicina.ulisboa.pt\/wp-content\/uploads\/sites\/36\/2022\/12\/Rodape-la-Caixa-e-FCT-1024x289.png\" alt=\"\" class=\"wp-image-123\" width=\"512\" height=\"145\" srcset=\"https:\/\/breast-brain-n-bbb.imm.medicina.ulisboa.pt\/wp-content\/uploads\/sites\/36\/2022\/12\/Rodape-la-Caixa-e-FCT-1024x289.png 1024w, https:\/\/breast-brain-n-bbb.imm.medicina.ulisboa.pt\/wp-content\/uploads\/sites\/36\/2022\/12\/Rodape-la-Caixa-e-FCT-300x85.png 300w, https:\/\/breast-brain-n-bbb.imm.medicina.ulisboa.pt\/wp-content\/uploads\/sites\/36\/2022\/12\/Rodape-la-Caixa-e-FCT-768x216.png 768w, https:\/\/breast-brain-n-bbb.imm.medicina.ulisboa.pt\/wp-content\/uploads\/sites\/36\/2022\/12\/Rodape-la-Caixa-e-FCT.png 1348w\" sizes=\"(max-width: 512px) 100vw, 512px\" \/><\/figure><\/div>\n","protected":false},"excerpt":{"rendered":"<p>Acronym: BREAST-BRAIN-N-BBB Funding Agency: \u201cla Caixa\u201d Foundation and Funda\u00e7\u00e3o para a Ci\u00eancia e a Tecnologia (FCT) Funding Programme: Health Research 2021 Grant Agreement ID: HR21-00605 Start Date: December, 2021 Duration: 36 months Project Coordinator: Miguel Castanho Project Beneficiaries: Instituto de Medicina Molecular Jo\u00e3o Lobo Antunes (iMM), Portugal Biodonostia Health Research Institute, Spain Institute for Medicines &hellip; <a href=\"https:\/\/breast-brain-n-bbb.imm.medicina.ulisboa.pt\/project\/details\/\">Continued<\/a><\/p>\n","protected":false},"author":13,"featured_media":0,"parent":8,"menu_order":0,"comment_status":"closed","ping_status":"closed","template":"views\/template-900.blade.php","meta":[],"yoast_head":"<!-- This site is optimized with the Yoast SEO plugin v17.4 - https:\/\/yoast.com\/wordpress\/plugins\/seo\/ -->\n<title>Details - BREAST-BRAIN-N-BBB<\/title>\n<meta name=\"robots\" content=\"index, follow, max-snippet:-1, max-image-preview:large, max-video-preview:-1\" \/>\n<link rel=\"canonical\" href=\"https:\/\/breast-brain-n-bbb.imm.medicina.ulisboa.pt\/project\/details\/\" \/>\n<meta property=\"og:locale\" content=\"en_US\" \/>\n<meta property=\"og:type\" content=\"article\" \/>\n<meta property=\"og:title\" content=\"Details - BREAST-BRAIN-N-BBB\" \/>\n<meta property=\"og:description\" content=\"Acronym: BREAST-BRAIN-N-BBB Funding Agency: \u201cla Caixa\u201d Foundation and Funda\u00e7\u00e3o para a Ci\u00eancia e a Tecnologia (FCT) Funding Programme: Health Research 2021 Grant Agreement ID: HR21-00605 Start Date: December, 2021 Duration: 36 months Project Coordinator: Miguel Castanho Project Beneficiaries: Instituto de Medicina Molecular Jo\u00e3o Lobo Antunes (iMM), Portugal Biodonostia Health Research Institute, Spain Institute for Medicines &hellip; Continued\" \/>\n<meta property=\"og:url\" content=\"https:\/\/breast-brain-n-bbb.imm.medicina.ulisboa.pt\/project\/details\/\" \/>\n<meta property=\"og:site_name\" content=\"BREAST-BRAIN-N-BBB\" \/>\n<meta property=\"article:modified_time\" content=\"2022-12-12T14:51:16+00:00\" \/>\n<meta property=\"og:image\" content=\"https:\/\/breast-brain-n-bbb.imm.medicina.ulisboa.pt\/wp-content\/uploads\/sites\/36\/2022\/12\/Rodape-la-Caixa-e-FCT-1024x289.png\" \/>\n<meta name=\"twitter:card\" content=\"summary_large_image\" \/>\n<meta name=\"twitter:label1\" content=\"Est. reading time\" \/>\n\t<meta name=\"twitter:data1\" content=\"1 minute\" \/>\n<script type=\"application\/ld+json\" class=\"yoast-schema-graph\">{\"@context\":\"https:\/\/schema.org\",\"@graph\":[{\"@type\":\"WebSite\",\"@id\":\"https:\/\/breast-brain-n-bbb.imm.medicina.ulisboa.pt\/en\/#website\",\"url\":\"https:\/\/breast-brain-n-bbb.imm.medicina.ulisboa.pt\/en\/\",\"name\":\"BREAST-BRAIN-N-BBB\",\"description\":\"\",\"potentialAction\":[{\"@type\":\"SearchAction\",\"target\":{\"@type\":\"EntryPoint\",\"urlTemplate\":\"https:\/\/breast-brain-n-bbb.imm.medicina.ulisboa.pt\/en\/?s={search_term_string}\"},\"query-input\":\"required name=search_term_string\"}],\"inLanguage\":\"en-US\"},{\"@type\":\"ImageObject\",\"@id\":\"https:\/\/breast-brain-n-bbb.imm.medicina.ulisboa.pt\/project\/details\/#primaryimage\",\"inLanguage\":\"en-US\",\"url\":\"https:\/\/breast-brain-n-bbb.imm.medicina.ulisboa.pt\/wp-content\/uploads\/sites\/36\/2022\/12\/Rodape-la-Caixa-e-FCT.png\",\"contentUrl\":\"https:\/\/breast-brain-n-bbb.imm.medicina.ulisboa.pt\/wp-content\/uploads\/sites\/36\/2022\/12\/Rodape-la-Caixa-e-FCT.png\",\"width\":1348,\"height\":380},{\"@type\":\"WebPage\",\"@id\":\"https:\/\/breast-brain-n-bbb.imm.medicina.ulisboa.pt\/project\/details\/#webpage\",\"url\":\"https:\/\/breast-brain-n-bbb.imm.medicina.ulisboa.pt\/project\/details\/\",\"name\":\"Details - BREAST-BRAIN-N-BBB\",\"isPartOf\":{\"@id\":\"https:\/\/breast-brain-n-bbb.imm.medicina.ulisboa.pt\/en\/#website\"},\"primaryImageOfPage\":{\"@id\":\"https:\/\/breast-brain-n-bbb.imm.medicina.ulisboa.pt\/project\/details\/#primaryimage\"},\"datePublished\":\"2022-12-09T16:00:30+00:00\",\"dateModified\":\"2022-12-12T14:51:16+00:00\",\"breadcrumb\":{\"@id\":\"https:\/\/breast-brain-n-bbb.imm.medicina.ulisboa.pt\/project\/details\/#breadcrumb\"},\"inLanguage\":\"en-US\",\"potentialAction\":[{\"@type\":\"ReadAction\",\"target\":[\"https:\/\/breast-brain-n-bbb.imm.medicina.ulisboa.pt\/project\/details\/\"]}]},{\"@type\":\"BreadcrumbList\",\"@id\":\"https:\/\/breast-brain-n-bbb.imm.medicina.ulisboa.pt\/project\/details\/#breadcrumb\",\"itemListElement\":[{\"@type\":\"ListItem\",\"position\":1,\"name\":\"In\\u00edcio\",\"item\":\"https:\/\/breast-brain-n-bbb.imm.medicina.ulisboa.pt\/\"},{\"@type\":\"ListItem\",\"position\":2,\"name\":\"Project\",\"item\":\"https:\/\/breast-brain-n-bbb.imm.medicina.ulisboa.pt\/project\/\"},{\"@type\":\"ListItem\",\"position\":3,\"name\":\"Details\"}]}]}<\/script>\n<!-- \/ Yoast SEO plugin. -->","yoast_head_json":{"title":"Details - BREAST-BRAIN-N-BBB","robots":{"index":"index","follow":"follow","max-snippet":"max-snippet:-1","max-image-preview":"max-image-preview:large","max-video-preview":"max-video-preview:-1"},"canonical":"https:\/\/breast-brain-n-bbb.imm.medicina.ulisboa.pt\/project\/details\/","og_locale":"en_US","og_type":"article","og_title":"Details - BREAST-BRAIN-N-BBB","og_description":"Acronym: BREAST-BRAIN-N-BBB Funding Agency: \u201cla Caixa\u201d Foundation and Funda\u00e7\u00e3o para a Ci\u00eancia e a Tecnologia (FCT) Funding Programme: Health Research 2021 Grant Agreement ID: HR21-00605 Start Date: December, 2021 Duration: 36 months Project Coordinator: Miguel Castanho Project Beneficiaries: Instituto de Medicina Molecular Jo\u00e3o Lobo Antunes (iMM), Portugal Biodonostia Health Research Institute, Spain Institute for Medicines &hellip; Continued","og_url":"https:\/\/breast-brain-n-bbb.imm.medicina.ulisboa.pt\/project\/details\/","og_site_name":"BREAST-BRAIN-N-BBB","article_modified_time":"2022-12-12T14:51:16+00:00","og_image":[{"url":"https:\/\/breast-brain-n-bbb.imm.medicina.ulisboa.pt\/wp-content\/uploads\/sites\/36\/2022\/12\/Rodape-la-Caixa-e-FCT-1024x289.png"}],"twitter_card":"summary_large_image","twitter_misc":{"Est. reading time":"1 minute"},"schema":{"@context":"https:\/\/schema.org","@graph":[{"@type":"WebSite","@id":"https:\/\/breast-brain-n-bbb.imm.medicina.ulisboa.pt\/en\/#website","url":"https:\/\/breast-brain-n-bbb.imm.medicina.ulisboa.pt\/en\/","name":"BREAST-BRAIN-N-BBB","description":"","potentialAction":[{"@type":"SearchAction","target":{"@type":"EntryPoint","urlTemplate":"https:\/\/breast-brain-n-bbb.imm.medicina.ulisboa.pt\/en\/?s={search_term_string}"},"query-input":"required name=search_term_string"}],"inLanguage":"en-US"},{"@type":"ImageObject","@id":"https:\/\/breast-brain-n-bbb.imm.medicina.ulisboa.pt\/project\/details\/#primaryimage","inLanguage":"en-US","url":"https:\/\/breast-brain-n-bbb.imm.medicina.ulisboa.pt\/wp-content\/uploads\/sites\/36\/2022\/12\/Rodape-la-Caixa-e-FCT.png","contentUrl":"https:\/\/breast-brain-n-bbb.imm.medicina.ulisboa.pt\/wp-content\/uploads\/sites\/36\/2022\/12\/Rodape-la-Caixa-e-FCT.png","width":1348,"height":380},{"@type":"WebPage","@id":"https:\/\/breast-brain-n-bbb.imm.medicina.ulisboa.pt\/project\/details\/#webpage","url":"https:\/\/breast-brain-n-bbb.imm.medicina.ulisboa.pt\/project\/details\/","name":"Details - BREAST-BRAIN-N-BBB","isPartOf":{"@id":"https:\/\/breast-brain-n-bbb.imm.medicina.ulisboa.pt\/en\/#website"},"primaryImageOfPage":{"@id":"https:\/\/breast-brain-n-bbb.imm.medicina.ulisboa.pt\/project\/details\/#primaryimage"},"datePublished":"2022-12-09T16:00:30+00:00","dateModified":"2022-12-12T14:51:16+00:00","breadcrumb":{"@id":"https:\/\/breast-brain-n-bbb.imm.medicina.ulisboa.pt\/project\/details\/#breadcrumb"},"inLanguage":"en-US","potentialAction":[{"@type":"ReadAction","target":["https:\/\/breast-brain-n-bbb.imm.medicina.ulisboa.pt\/project\/details\/"]}]},{"@type":"BreadcrumbList","@id":"https:\/\/breast-brain-n-bbb.imm.medicina.ulisboa.pt\/project\/details\/#breadcrumb","itemListElement":[{"@type":"ListItem","position":1,"name":"In\u00edcio","item":"https:\/\/breast-brain-n-bbb.imm.medicina.ulisboa.pt\/"},{"@type":"ListItem","position":2,"name":"Project","item":"https:\/\/breast-brain-n-bbb.imm.medicina.ulisboa.pt\/project\/"},{"@type":"ListItem","position":3,"name":"Details"}]}]}},"_links":{"self":[{"href":"https:\/\/breast-brain-n-bbb.imm.medicina.ulisboa.pt\/en\/wp-json\/wp\/v2\/pages\/12"}],"collection":[{"href":"https:\/\/breast-brain-n-bbb.imm.medicina.ulisboa.pt\/en\/wp-json\/wp\/v2\/pages"}],"about":[{"href":"https:\/\/breast-brain-n-bbb.imm.medicina.ulisboa.pt\/en\/wp-json\/wp\/v2\/types\/page"}],"author":[{"embeddable":true,"href":"https:\/\/breast-brain-n-bbb.imm.medicina.ulisboa.pt\/en\/wp-json\/wp\/v2\/users\/13"}],"replies":[{"embeddable":true,"href":"https:\/\/breast-brain-n-bbb.imm.medicina.ulisboa.pt\/en\/wp-json\/wp\/v2\/comments?post=12"}],"version-history":[{"count":6,"href":"https:\/\/breast-brain-n-bbb.imm.medicina.ulisboa.pt\/en\/wp-json\/wp\/v2\/pages\/12\/revisions"}],"predecessor-version":[{"id":151,"href":"https:\/\/breast-brain-n-bbb.imm.medicina.ulisboa.pt\/en\/wp-json\/wp\/v2\/pages\/12\/revisions\/151"}],"up":[{"embeddable":true,"href":"https:\/\/breast-brain-n-bbb.imm.medicina.ulisboa.pt\/en\/wp-json\/wp\/v2\/pages\/8"}],"wp:attachment":[{"href":"https:\/\/breast-brain-n-bbb.imm.medicina.ulisboa.pt\/en\/wp-json\/wp\/v2\/media?parent=12"}],"curies":[{"name":"wp","href":"https:\/\/api.w.org\/{rel}","templated":true}]}}